{"id":850,"date":"2025-10-07T07:54:55","date_gmt":"2025-10-07T07:54:55","guid":{"rendered":"http:\/\/iqurcho.cluster100.hosting.ovh.net\/?page_id=850"},"modified":"2025-10-20T11:14:44","modified_gmt":"2025-10-20T11:14:44","slug":"solutions-apercu","status":"publish","type":"page","link":"https:\/\/fraudbuster.mobi\/fr\/solutions-apercu\/","title":{"rendered":"Solutions"},"content":{"rendered":"\t\t<div data-elementor-type=\"wp-page\" data-elementor-id=\"850\" class=\"elementor elementor-850 elementor-849\" data-elementor-post-type=\"page\">\n\t\t\t\t<div class=\"elementor-element elementor-element-e1eb9b0 e-flex e-con-boxed e-con e-parent\" data-id=\"e1eb9b0\" data-element_type=\"container\" data-settings=\"{&quot;background_background&quot;:&quot;classic&quot;}\">\n\t\t\t\t\t<div class=\"e-con-inner\">\n\t\t\t\t<div class=\"elementor-element elementor-element-dc2b8bd elementor-widget elementor-widget-heading\" data-id=\"dc2b8bd\" data-element_type=\"widget\" data-widget_type=\"heading.default\">\n\t\t\t\t<div class=\"elementor-widget-container\">\n\t\t\t\t\t<h2 class=\"elementor-heading-title elementor-size-default\">Nos <font color=\"#F26361\">Solutions<\/font>  <\/h2>\t\t\t\t<\/div>\n\t\t\t\t<\/div>\n\t\t<div class=\"elementor-element elementor-element-d7bdfed e-grid e-con-full e-con e-child\" data-id=\"d7bdfed\" data-element_type=\"container\">\n\t\t<a class=\"elementor-element elementor-element-7a74790 e-con-full e-flex e-con e-child\" data-id=\"7a74790\" data-element_type=\"container\" data-settings=\"{&quot;background_background&quot;:&quot;classic&quot;}\" href=\"https:\/\/fraudbuster.mobi\/solution\/mobile-money-security\/\">\n\t\t\t\t<div class=\"elementor-element elementor-element-7f9389a elementor-position-top elementor-widget elementor-widget-image-box\" data-id=\"7f9389a\" data-element_type=\"widget\" data-widget_type=\"image-box.default\">\n\t\t\t\t<div class=\"elementor-widget-container\">\n\t\t\t\t\t<div class=\"elementor-image-box-wrapper\"><figure class=\"elementor-image-box-img\"><img fetchpriority=\"high\" decoding=\"async\" width=\"417\" height=\"417\" src=\"https:\/\/fraudbuster.mobi\/wp-content\/uploads\/2025\/10\/FB_-copyHR.png\" class=\"attachment-full size-full wp-image-883\" alt=\"\" srcset=\"https:\/\/fraudbuster.mobi\/wp-content\/uploads\/2025\/10\/FB_-copyHR.png 417w, https:\/\/fraudbuster.mobi\/wp-content\/uploads\/2025\/10\/FB_-copyHR-300x300.png 300w, https:\/\/fraudbuster.mobi\/wp-content\/uploads\/2025\/10\/FB_-copyHR-150x150.png 150w\" sizes=\"(max-width: 417px) 100vw, 417px\" \/><\/figure><div class=\"elementor-image-box-content\"><h3 class=\"elementor-image-box-title\">S\u00e9curit\u00e9 de l'argent mobile<\/h3><p class=\"elementor-image-box-description\">Prot\u00e9gez les utilisateurs et les op\u00e9rateurs contre la fraude \u00e0 l\u2019argent mobile gr\u00e2ce \u00e0 des couches de d\u00e9fense IA de nouvelle g\u00e9n\u00e9ration.<\/p><\/div><\/div>\t\t\t\t<\/div>\n\t\t\t\t<\/div>\n\t\t\t\t<\/a>\n\t\t<a class=\"elementor-element elementor-element-f77a33e e-con-full e-flex e-con e-child\" data-id=\"f77a33e\" data-element_type=\"container\" data-settings=\"{&quot;background_background&quot;:&quot;classic&quot;}\" href=\"https:\/\/fraudbuster.mobi\/solution\/simbuster\/\">\n\t\t\t\t<div class=\"elementor-element elementor-element-36c4e37 elementor-position-top elementor-widget elementor-widget-image-box\" data-id=\"36c4e37\" data-element_type=\"widget\" data-widget_type=\"image-box.default\">\n\t\t\t\t<div class=\"elementor-widget-container\">\n\t\t\t\t\t<div class=\"elementor-image-box-wrapper\"><figure class=\"elementor-image-box-img\"><img decoding=\"async\" width=\"418\" height=\"417\" src=\"https:\/\/fraudbuster.mobi\/wp-content\/uploads\/2025\/10\/FB_-HR.png\" class=\"attachment-full size-full wp-image-873\" alt=\"\" srcset=\"https:\/\/fraudbuster.mobi\/wp-content\/uploads\/2025\/10\/FB_-HR.png 418w, https:\/\/fraudbuster.mobi\/wp-content\/uploads\/2025\/10\/FB_-HR-300x300.png 300w, https:\/\/fraudbuster.mobi\/wp-content\/uploads\/2025\/10\/FB_-HR-150x150.png 150w\" sizes=\"(max-width: 418px) 100vw, 418px\" \/><\/figure><div class=\"elementor-image-box-content\"><h3 class=\"elementor-image-box-title\">SIMBuster<\/h3><p class=\"elementor-image-box-description\">D\u00e9tectez et bloquez la fraude aux t\u00e9l\u00e9communications en temps r\u00e9el gr\u00e2ce \u00e0 des analyses de trafic avanc\u00e9es.<\/p><\/div><\/div>\t\t\t\t<\/div>\n\t\t\t\t<\/div>\n\t\t\t\t<\/a>\n\t\t<a class=\"elementor-element elementor-element-cef6a21 e-con-full e-flex e-con e-child\" data-id=\"cef6a21\" data-element_type=\"container\" data-settings=\"{&quot;background_background&quot;:&quot;classic&quot;}\" href=\"https:\/\/fraudbuster.mobi\/solution\/calltic\/\">\n\t\t\t\t<div class=\"elementor-element elementor-element-e03bf43 elementor-position-top elementor-widget elementor-widget-image-box\" data-id=\"e03bf43\" data-element_type=\"widget\" data-widget_type=\"image-box.default\">\n\t\t\t\t<div class=\"elementor-widget-container\">\n\t\t\t\t\t<div class=\"elementor-image-box-wrapper\"><figure class=\"elementor-image-box-img\"><img decoding=\"async\" width=\"418\" height=\"417\" src=\"https:\/\/fraudbuster.mobi\/wp-content\/uploads\/2025\/10\/FB_-copy-5HR.png\" class=\"attachment-full size-full wp-image-885\" alt=\"\" srcset=\"https:\/\/fraudbuster.mobi\/wp-content\/uploads\/2025\/10\/FB_-copy-5HR.png 418w, https:\/\/fraudbuster.mobi\/wp-content\/uploads\/2025\/10\/FB_-copy-5HR-300x300.png 300w, https:\/\/fraudbuster.mobi\/wp-content\/uploads\/2025\/10\/FB_-copy-5HR-150x150.png 150w\" sizes=\"(max-width: 418px) 100vw, 418px\" \/><\/figure><div class=\"elementor-image-box-content\"><h3 class=\"elementor-image-box-title\">Calltic Solution<\/h3><p class=\"elementor-image-box-description\">D\u00e9tection r\u00e9volutionnaire des fraudes par contournement : rapide, pr\u00e9cise et \u00e0 toute \u00e9preuve.<\/p><\/div><\/div>\t\t\t\t<\/div>\n\t\t\t\t<\/div>\n\t\t\t\t<\/a>\n\t\t\t\t<\/div>\n\t\t\t\t\t<\/div>\n\t\t\t\t<\/div>\n\t\t\t\t<\/div>\n\t\t","protected":false},"excerpt":{"rendered":"<p>Nos Solutions S\u00e9curit\u00e9 de l&rsquo;argent mobile Prot\u00e9gez les utilisateurs et les op\u00e9rateurs contre la fraude \u00e0 l\u2019argent mobile gr\u00e2ce \u00e0 des couches de d\u00e9fense IA de nouvelle g\u00e9n\u00e9ration. SIMBuster D\u00e9tectez et bloquez la fraude aux t\u00e9l\u00e9communications en temps r\u00e9el gr\u00e2ce \u00e0 des analyses de trafic avanc\u00e9es. Calltic Solution D\u00e9tection r\u00e9volutionnaire des fraudes par contournement : [&hellip;]<\/p>\n","protected":false},"author":1,"featured_media":0,"parent":0,"menu_order":0,"comment_status":"closed","ping_status":"closed","template":"full-width.php","meta":{"_acf_changed":false,"footnotes":""},"class_list":["post-850","page","type-page","status-publish","hentry"],"acf":[],"yoast_head":"<!-- This site is optimized with the Yoast SEO plugin v26.1.1 - https:\/\/yoast.com\/wordpress\/plugins\/seo\/ -->\n<title>FraudBuster MoMoSe (Mobile Money Security)<\/title>\n<meta name=\"description\" content=\"La seule solution pour pr\u00e9venir et arr\u00eater de mani\u00e8re proactive la fraude li\u00e9e \u00e0 l&#039;argent mobile. La solution FraudBuster prot\u00e8ge \u00e0 la fois les utilisateurs et les op\u00e9rateurs.\" \/>\n<meta name=\"robots\" content=\"index, follow, max-snippet:-1, max-image-preview:large, max-video-preview:-1\" \/>\n<link rel=\"canonical\" href=\"https:\/\/fraudbuster.mobi\/fr\/solutions-apercu\/\" \/>\n<meta property=\"og:locale\" content=\"fr_FR\" \/>\n<meta property=\"og:type\" content=\"article\" \/>\n<meta property=\"og:title\" content=\"FraudBuster MoMoSe (Mobile Money Security)\" \/>\n<meta property=\"og:description\" content=\"La seule solution pour pr\u00e9venir et arr\u00eater de mani\u00e8re proactive la fraude li\u00e9e \u00e0 l&#039;argent mobile. La solution FraudBuster prot\u00e8ge \u00e0 la fois les utilisateurs et les op\u00e9rateurs.\" \/>\n<meta property=\"og:url\" content=\"https:\/\/fraudbuster.mobi\/fr\/solutions-apercu\/\" \/>\n<meta property=\"og:site_name\" content=\"Fraudbuster\" \/>\n<meta property=\"article:modified_time\" content=\"2025-10-20T11:14:44+00:00\" \/>\n<meta property=\"og:image\" content=\"https:\/\/fraudbuster.mobi\/wp-content\/uploads\/2025\/10\/FB_-copyHR.png\" \/>\n\t<meta property=\"og:image:width\" content=\"417\" \/>\n\t<meta property=\"og:image:height\" content=\"417\" \/>\n\t<meta property=\"og:image:type\" content=\"image\/png\" \/>\n<meta name=\"twitter:card\" content=\"summary_large_image\" \/>\n<meta name=\"twitter:label1\" content=\"Dur\u00e9e de lecture estim\u00e9e\" \/>\n\t<meta name=\"twitter:data1\" content=\"2 minutes\" \/>\n<script type=\"application\/ld+json\" class=\"yoast-schema-graph\">{\"@context\":\"https:\/\/schema.org\",\"@graph\":[{\"@type\":\"WebPage\",\"@id\":\"https:\/\/fraudbuster.mobi\/fr\/solutions-apercu\/\",\"url\":\"https:\/\/fraudbuster.mobi\/fr\/solutions-apercu\/\",\"name\":\"FraudBuster MoMoSe (Mobile Money Security)\",\"isPartOf\":{\"@id\":\"https:\/\/fraudbuster.mobi\/fr\/#website\"},\"primaryImageOfPage\":{\"@id\":\"https:\/\/fraudbuster.mobi\/fr\/solutions-apercu\/#primaryimage\"},\"image\":{\"@id\":\"https:\/\/fraudbuster.mobi\/fr\/solutions-apercu\/#primaryimage\"},\"thumbnailUrl\":\"https:\/\/fraudbuster.mobi\/wp-content\/uploads\/2025\/10\/FB_-copyHR.png\",\"datePublished\":\"2025-10-07T07:54:55+00:00\",\"dateModified\":\"2025-10-20T11:14:44+00:00\",\"description\":\"La seule solution pour pr\u00e9venir et arr\u00eater de mani\u00e8re proactive la fraude li\u00e9e \u00e0 l'argent mobile. La solution FraudBuster prot\u00e8ge \u00e0 la fois les utilisateurs et les op\u00e9rateurs.\",\"breadcrumb\":{\"@id\":\"https:\/\/fraudbuster.mobi\/fr\/solutions-apercu\/#breadcrumb\"},\"inLanguage\":\"fr-FR\",\"potentialAction\":[{\"@type\":\"ReadAction\",\"target\":[\"https:\/\/fraudbuster.mobi\/fr\/solutions-apercu\/\"]}]},{\"@type\":\"ImageObject\",\"inLanguage\":\"fr-FR\",\"@id\":\"https:\/\/fraudbuster.mobi\/fr\/solutions-apercu\/#primaryimage\",\"url\":\"https:\/\/fraudbuster.mobi\/wp-content\/uploads\/2025\/10\/FB_-copyHR.png\",\"contentUrl\":\"https:\/\/fraudbuster.mobi\/wp-content\/uploads\/2025\/10\/FB_-copyHR.png\"},{\"@type\":\"BreadcrumbList\",\"@id\":\"https:\/\/fraudbuster.mobi\/fr\/solutions-apercu\/#breadcrumb\",\"itemListElement\":[{\"@type\":\"ListItem\",\"position\":1,\"name\":\"Home\",\"item\":\"https:\/\/fraudbuster.mobi\/fr\/?page_id=431\"},{\"@type\":\"ListItem\",\"position\":2,\"name\":\"Solutions\"}]},{\"@type\":\"WebSite\",\"@id\":\"https:\/\/fraudbuster.mobi\/fr\/#website\",\"url\":\"https:\/\/fraudbuster.mobi\/fr\/\",\"name\":\"FraudBuster\",\"description\":\"Protecting operators &amp; customers. Securing transactions.\",\"publisher\":{\"@id\":\"https:\/\/fraudbuster.mobi\/fr\/#organization\"},\"potentialAction\":[{\"@type\":\"SearchAction\",\"target\":{\"@type\":\"EntryPoint\",\"urlTemplate\":\"https:\/\/fraudbuster.mobi\/fr\/?s={search_term_string}\"},\"query-input\":{\"@type\":\"PropertyValueSpecification\",\"valueRequired\":true,\"valueName\":\"search_term_string\"}}],\"inLanguage\":\"fr-FR\"},{\"@type\":\"Organization\",\"@id\":\"https:\/\/fraudbuster.mobi\/fr\/#organization\",\"name\":\"FraudBuster\",\"url\":\"https:\/\/fraudbuster.mobi\/fr\/\",\"logo\":{\"@type\":\"ImageObject\",\"inLanguage\":\"fr-FR\",\"@id\":\"https:\/\/fraudbuster.mobi\/fr\/#\/schema\/logo\/image\/\",\"url\":\"https:\/\/fraudbuster.mobi\/wp-content\/uploads\/2025\/10\/cropped-FB_Artboard-1-copyHR-scaled-1.png\",\"contentUrl\":\"https:\/\/fraudbuster.mobi\/wp-content\/uploads\/2025\/10\/cropped-FB_Artboard-1-copyHR-scaled-1.png\",\"width\":2560,\"height\":732,\"caption\":\"FraudBuster\"},\"image\":{\"@id\":\"https:\/\/fraudbuster.mobi\/fr\/#\/schema\/logo\/image\/\"}}]}<\/script>\n<!-- \/ Yoast SEO plugin. -->","yoast_head_json":{"title":"FraudBuster MoMoSe (Mobile Money Security)","description":"La seule solution pour pr\u00e9venir et arr\u00eater de mani\u00e8re proactive la fraude li\u00e9e \u00e0 l'argent mobile. La solution FraudBuster prot\u00e8ge \u00e0 la fois les utilisateurs et les op\u00e9rateurs.","robots":{"index":"index","follow":"follow","max-snippet":"max-snippet:-1","max-image-preview":"max-image-preview:large","max-video-preview":"max-video-preview:-1"},"canonical":"https:\/\/fraudbuster.mobi\/fr\/solutions-apercu\/","og_locale":"fr_FR","og_type":"article","og_title":"FraudBuster MoMoSe (Mobile Money Security)","og_description":"La seule solution pour pr\u00e9venir et arr\u00eater de mani\u00e8re proactive la fraude li\u00e9e \u00e0 l'argent mobile. La solution FraudBuster prot\u00e8ge \u00e0 la fois les utilisateurs et les op\u00e9rateurs.","og_url":"https:\/\/fraudbuster.mobi\/fr\/solutions-apercu\/","og_site_name":"Fraudbuster","article_modified_time":"2025-10-20T11:14:44+00:00","og_image":[{"width":417,"height":417,"url":"https:\/\/fraudbuster.mobi\/wp-content\/uploads\/2025\/10\/FB_-copyHR.png","type":"image\/png"}],"twitter_card":"summary_large_image","twitter_misc":{"Dur\u00e9e de lecture estim\u00e9e":"2 minutes"},"schema":{"@context":"https:\/\/schema.org","@graph":[{"@type":"WebPage","@id":"https:\/\/fraudbuster.mobi\/fr\/solutions-apercu\/","url":"https:\/\/fraudbuster.mobi\/fr\/solutions-apercu\/","name":"FraudBuster MoMoSe (Mobile Money Security)","isPartOf":{"@id":"https:\/\/fraudbuster.mobi\/fr\/#website"},"primaryImageOfPage":{"@id":"https:\/\/fraudbuster.mobi\/fr\/solutions-apercu\/#primaryimage"},"image":{"@id":"https:\/\/fraudbuster.mobi\/fr\/solutions-apercu\/#primaryimage"},"thumbnailUrl":"https:\/\/fraudbuster.mobi\/wp-content\/uploads\/2025\/10\/FB_-copyHR.png","datePublished":"2025-10-07T07:54:55+00:00","dateModified":"2025-10-20T11:14:44+00:00","description":"La seule solution pour pr\u00e9venir et arr\u00eater de mani\u00e8re proactive la fraude li\u00e9e \u00e0 l'argent mobile. La solution FraudBuster prot\u00e8ge \u00e0 la fois les utilisateurs et les op\u00e9rateurs.","breadcrumb":{"@id":"https:\/\/fraudbuster.mobi\/fr\/solutions-apercu\/#breadcrumb"},"inLanguage":"fr-FR","potentialAction":[{"@type":"ReadAction","target":["https:\/\/fraudbuster.mobi\/fr\/solutions-apercu\/"]}]},{"@type":"ImageObject","inLanguage":"fr-FR","@id":"https:\/\/fraudbuster.mobi\/fr\/solutions-apercu\/#primaryimage","url":"https:\/\/fraudbuster.mobi\/wp-content\/uploads\/2025\/10\/FB_-copyHR.png","contentUrl":"https:\/\/fraudbuster.mobi\/wp-content\/uploads\/2025\/10\/FB_-copyHR.png"},{"@type":"BreadcrumbList","@id":"https:\/\/fraudbuster.mobi\/fr\/solutions-apercu\/#breadcrumb","itemListElement":[{"@type":"ListItem","position":1,"name":"Home","item":"https:\/\/fraudbuster.mobi\/fr\/?page_id=431"},{"@type":"ListItem","position":2,"name":"Solutions"}]},{"@type":"WebSite","@id":"https:\/\/fraudbuster.mobi\/fr\/#website","url":"https:\/\/fraudbuster.mobi\/fr\/","name":"FraudBuster","description":"Protecting operators &amp; customers. Securing transactions.","publisher":{"@id":"https:\/\/fraudbuster.mobi\/fr\/#organization"},"potentialAction":[{"@type":"SearchAction","target":{"@type":"EntryPoint","urlTemplate":"https:\/\/fraudbuster.mobi\/fr\/?s={search_term_string}"},"query-input":{"@type":"PropertyValueSpecification","valueRequired":true,"valueName":"search_term_string"}}],"inLanguage":"fr-FR"},{"@type":"Organization","@id":"https:\/\/fraudbuster.mobi\/fr\/#organization","name":"FraudBuster","url":"https:\/\/fraudbuster.mobi\/fr\/","logo":{"@type":"ImageObject","inLanguage":"fr-FR","@id":"https:\/\/fraudbuster.mobi\/fr\/#\/schema\/logo\/image\/","url":"https:\/\/fraudbuster.mobi\/wp-content\/uploads\/2025\/10\/cropped-FB_Artboard-1-copyHR-scaled-1.png","contentUrl":"https:\/\/fraudbuster.mobi\/wp-content\/uploads\/2025\/10\/cropped-FB_Artboard-1-copyHR-scaled-1.png","width":2560,"height":732,"caption":"FraudBuster"},"image":{"@id":"https:\/\/fraudbuster.mobi\/fr\/#\/schema\/logo\/image\/"}}]}},"_links":{"self":[{"href":"https:\/\/fraudbuster.mobi\/fr\/wp-json\/wp\/v2\/pages\/850","targetHints":{"allow":["GET"]}}],"collection":[{"href":"https:\/\/fraudbuster.mobi\/fr\/wp-json\/wp\/v2\/pages"}],"about":[{"href":"https:\/\/fraudbuster.mobi\/fr\/wp-json\/wp\/v2\/types\/page"}],"author":[{"embeddable":true,"href":"https:\/\/fraudbuster.mobi\/fr\/wp-json\/wp\/v2\/users\/1"}],"replies":[{"embeddable":true,"href":"https:\/\/fraudbuster.mobi\/fr\/wp-json\/wp\/v2\/comments?post=850"}],"version-history":[{"count":6,"href":"https:\/\/fraudbuster.mobi\/fr\/wp-json\/wp\/v2\/pages\/850\/revisions"}],"predecessor-version":[{"id":1320,"href":"https:\/\/fraudbuster.mobi\/fr\/wp-json\/wp\/v2\/pages\/850\/revisions\/1320"}],"wp:attachment":[{"href":"https:\/\/fraudbuster.mobi\/fr\/wp-json\/wp\/v2\/media?parent=850"}],"curies":[{"name":"wp","href":"https:\/\/api.w.org\/{rel}","templated":true}]}}